{"id":19117,"date":"2022-02-15T15:45:41","date_gmt":"2022-02-15T14:45:41","guid":{"rendered":"https:\/\/knowla.eu\/politique-de-confidentialite\/"},"modified":"2024-03-29T15:52:34","modified_gmt":"2024-03-29T14:52:34","slug":"politique-de-confidentialite","status":"publish","type":"page","link":"https:\/\/knowla.eu\/fr\/politique-de-confidentialite\/","title":{"rendered":"Politique de confidentialit\u00e9"},"content":{"rendered":"\t\t<div data-elementor-type=\"wp-page\" data-elementor-id=\"19117\" class=\"elementor elementor-19117 elementor-3\" data-elementor-post-type=\"page\">\n\t\t\t\t<div class=\"elementor-element elementor-element-b66d5c9 e-flex e-con-boxed e-con e-parent\" data-id=\"b66d5c9\" data-element_type=\"container\" data-e-type=\"container\" data-settings=\"{&quot;background_background&quot;:&quot;classic&quot;}\">\n\t\t\t\t\t<div class=\"e-con-inner\">\n\t\t<div class=\"elementor-element elementor-element-8f6e5d4 e-con-full e-flex e-con e-child\" data-id=\"8f6e5d4\" data-element_type=\"container\" data-e-type=\"container\">\n\t\t\t\t<div class=\"elementor-element elementor-element-48c53ad elementor-widget elementor-widget-heading\" data-id=\"48c53ad\" data-element_type=\"widget\" data-e-type=\"widget\" data-widget_type=\"heading.default\">\n\t\t\t\t<div class=\"elementor-widget-container\">\n\t\t\t\t\t<h2 class=\"elementor-heading-title elementor-size-default\">Fichiers et liens<\/h2>\t\t\t\t<\/div>\n\t\t\t\t<\/div>\n\t\t\t\t<div class=\"elementor-element elementor-element-d86a6b5 elementor-nav-menu--dropdown-none elementor-widget elementor-widget-nav-menu\" data-id=\"d86a6b5\" data-element_type=\"widget\" data-e-type=\"widget\" data-settings=\"{&quot;layout&quot;:&quot;vertical&quot;,&quot;submenu_icon&quot;:{&quot;value&quot;:&quot;&lt;i class=\\&quot;fas fa-caret-down\\&quot; aria-hidden=\\&quot;true\\&quot;&gt;&lt;\\\/i&gt;&quot;,&quot;library&quot;:&quot;fa-solid&quot;}}\" data-widget_type=\"nav-menu.default\">\n\t\t\t\t<div class=\"elementor-widget-container\">\n\t\t\t\t\t\t\t\t<nav aria-label=\"Menu\" class=\"elementor-nav-menu--main elementor-nav-menu__container elementor-nav-menu--layout-vertical e--pointer-none\">\n\t\t\t\t<ul id=\"menu-1-d86a6b5\" class=\"elementor-nav-menu sm-vertical\"><li class=\"menu-item menu-item-type-custom menu-item-object-custom menu-item-8117\"><a href=\"#\" class=\"elementor-item elementor-item-anchor\"><span class=\"cky-banner-element\">Panel zarz\u0105dzania plikami cookie<\/span><\/a><\/li>\n<li class=\"menu-item menu-item-type-custom menu-item-object-custom menu-item-8123\"><a href=\"https:\/\/knowla.eu\/wp-content\/uploads\/2023\/01\/1A.-Polityka-prywatnosci-i-plikow-cookie.docx.pdf\" class=\"elementor-item\">Polityka Prywatno\u015bci<\/a><\/li>\n<li class=\"menu-item menu-item-type-custom menu-item-object-custom menu-item-8124\"><a href=\"https:\/\/knowla.eu\/wp-content\/uploads\/2023\/01\/4B.-Regulamin-Newsletter.docx.pdf\" class=\"elementor-item\">Regulamin newslettera<\/a><\/li>\n<li class=\"menu-item menu-item-type-custom menu-item-object-custom menu-item-8125\"><a href=\"https:\/\/knowla.eu\/wp-content\/uploads\/2023\/01\/4C.-Klauzula-informacyjna_Newsletter.docx.pdf\" class=\"elementor-item\">Klauzula informacyjna newslettera<\/a><\/li>\n<\/ul>\t\t\t<\/nav>\n\t\t\t\t\t\t<nav class=\"elementor-nav-menu--dropdown elementor-nav-menu__container\" aria-hidden=\"true\">\n\t\t\t\t<ul id=\"menu-2-d86a6b5\" class=\"elementor-nav-menu sm-vertical\"><li class=\"menu-item menu-item-type-custom menu-item-object-custom menu-item-8117\"><a href=\"#\" class=\"elementor-item elementor-item-anchor\" tabindex=\"-1\"><span class=\"cky-banner-element\">Panel zarz\u0105dzania plikami cookie<\/span><\/a><\/li>\n<li class=\"menu-item menu-item-type-custom menu-item-object-custom menu-item-8123\"><a href=\"https:\/\/knowla.eu\/wp-content\/uploads\/2023\/01\/1A.-Polityka-prywatnosci-i-plikow-cookie.docx.pdf\" class=\"elementor-item\" tabindex=\"-1\">Polityka Prywatno\u015bci<\/a><\/li>\n<li class=\"menu-item menu-item-type-custom menu-item-object-custom menu-item-8124\"><a href=\"https:\/\/knowla.eu\/wp-content\/uploads\/2023\/01\/4B.-Regulamin-Newsletter.docx.pdf\" class=\"elementor-item\" tabindex=\"-1\">Regulamin newslettera<\/a><\/li>\n<li class=\"menu-item menu-item-type-custom menu-item-object-custom menu-item-8125\"><a href=\"https:\/\/knowla.eu\/wp-content\/uploads\/2023\/01\/4C.-Klauzula-informacyjna_Newsletter.docx.pdf\" class=\"elementor-item\" tabindex=\"-1\">Klauzula informacyjna newslettera<\/a><\/li>\n<\/ul>\t\t\t<\/nav>\n\t\t\t\t\t\t<\/div>\n\t\t\t\t<\/div>\n\t\t\t\t<\/div>\n\t\t\t\t\t<\/div>\n\t\t\t\t<\/div>\n\t\t\t\t<\/div>\n\t\t","protected":false},"excerpt":{"rendered":"<p>Fichiers et liens<\/p>\n","protected":false},"author":2,"featured_media":0,"parent":0,"menu_order":0,"comment_status":"closed","ping_status":"open","template":"","meta":{"footnotes":""},"categories":[],"class_list":["post-19117","page","type-page","status-publish","hentry"],"yoast_head":"<!-- This site is optimized with the Yoast SEO plugin v27.4 - https:\/\/yoast.com\/product\/yoast-seo-wordpress\/ -->\n<title>Politique de confidentialit\u00e9 de Knowla<\/title>\n<meta name=\"description\" content=\"Notre politique de confidentialit\u00e9, notre panel de gestion des cookies, les conditions d&#039;utilisation de notre newsletter et notre clause d&#039;information.\" \/>\n<meta name=\"robots\" content=\"index, follow, max-snippet:-1, max-image-preview:large, max-video-preview:-1\" \/>\n<link rel=\"canonical\" href=\"https:\/\/knowla.eu\/fr\/politique-de-confidentialite\/\" \/>\n<meta property=\"og:locale\" content=\"fr_FR\" \/>\n<meta property=\"og:type\" content=\"article\" \/>\n<meta property=\"og:title\" content=\"Politique de confidentialit\u00e9 de Knowla\" \/>\n<meta property=\"og:description\" content=\"Notre politique de confidentialit\u00e9, notre panel de gestion des cookies, les conditions d&#039;utilisation de notre newsletter et notre clause d&#039;information.\" \/>\n<meta property=\"og:url\" content=\"https:\/\/knowla.eu\/fr\/politique-de-confidentialite\/\" \/>\n<meta property=\"og:site_name\" content=\"Knowla\" \/>\n<meta property=\"article:publisher\" content=\"https:\/\/www.facebook.com\/knowlaeu\" \/>\n<meta property=\"article:modified_time\" content=\"2024-03-29T14:52:34+00:00\" \/>\n<meta name=\"twitter:card\" content=\"summary_large_image\" \/>\n<script type=\"application\/ld+json\" class=\"yoast-schema-graph\">{\"@context\":\"https:\\\/\\\/schema.org\",\"@graph\":[{\"@type\":\"WebPage\",\"@id\":\"https:\\\/\\\/knowla.eu\\\/fr\\\/politique-de-confidentialite\\\/\",\"url\":\"https:\\\/\\\/knowla.eu\\\/fr\\\/politique-de-confidentialite\\\/\",\"name\":\"Politique de confidentialit\u00e9 de Knowla\",\"isPartOf\":{\"@id\":\"https:\\\/\\\/knowla.eu\\\/sk\\\/#website\"},\"datePublished\":\"2022-02-15T14:45:41+00:00\",\"dateModified\":\"2024-03-29T14:52:34+00:00\",\"description\":\"Notre politique de confidentialit\u00e9, notre panel de gestion des cookies, les conditions d'utilisation de notre newsletter et notre clause d'information.\",\"breadcrumb\":{\"@id\":\"https:\\\/\\\/knowla.eu\\\/fr\\\/politique-de-confidentialite\\\/#breadcrumb\"},\"inLanguage\":\"fr-FR\",\"potentialAction\":[{\"@type\":\"ReadAction\",\"target\":[\"https:\\\/\\\/knowla.eu\\\/fr\\\/politique-de-confidentialite\\\/\"]}]},{\"@type\":\"BreadcrumbList\",\"@id\":\"https:\\\/\\\/knowla.eu\\\/fr\\\/politique-de-confidentialite\\\/#breadcrumb\",\"itemListElement\":[{\"@type\":\"ListItem\",\"position\":1,\"name\":\"Strona g\u0142\u00f3wna\",\"item\":\"https:\\\/\\\/knowla.eu\\\/\"},{\"@type\":\"ListItem\",\"position\":2,\"name\":\"Politique de confidentialit\u00e9\"}]},{\"@type\":\"WebSite\",\"@id\":\"https:\\\/\\\/knowla.eu\\\/sk\\\/#website\",\"url\":\"https:\\\/\\\/knowla.eu\\\/sk\\\/\",\"name\":\"Knowla\",\"description\":\"M\u0105drze jest si\u0119 bawi\u0107\",\"publisher\":{\"@id\":\"https:\\\/\\\/knowla.eu\\\/sk\\\/#organization\"},\"potentialAction\":[{\"@type\":\"SearchAction\",\"target\":{\"@type\":\"EntryPoint\",\"urlTemplate\":\"https:\\\/\\\/knowla.eu\\\/sk\\\/?s={search_term_string}\"},\"query-input\":{\"@type\":\"PropertyValueSpecification\",\"valueRequired\":true,\"valueName\":\"search_term_string\"}}],\"inLanguage\":\"fr-FR\"},{\"@type\":\"Organization\",\"@id\":\"https:\\\/\\\/knowla.eu\\\/sk\\\/#organization\",\"name\":\"Knowla\",\"url\":\"https:\\\/\\\/knowla.eu\\\/sk\\\/\",\"logo\":{\"@type\":\"ImageObject\",\"inLanguage\":\"fr-FR\",\"@id\":\"https:\\\/\\\/knowla.eu\\\/sk\\\/#\\\/schema\\\/logo\\\/image\\\/\",\"url\":\"https:\\\/\\\/knowla.eu\\\/wp-content\\\/uploads\\\/2023\\\/03\\\/favicon-knowla-eu.png\",\"contentUrl\":\"https:\\\/\\\/knowla.eu\\\/wp-content\\\/uploads\\\/2023\\\/03\\\/favicon-knowla-eu.png\",\"width\":512,\"height\":512,\"caption\":\"Knowla\"},\"image\":{\"@id\":\"https:\\\/\\\/knowla.eu\\\/sk\\\/#\\\/schema\\\/logo\\\/image\\\/\"},\"sameAs\":[\"https:\\\/\\\/www.facebook.com\\\/knowlaeu\",\"https:\\\/\\\/www.youtube.com\\\/channel\\\/UCn2L711qEsbTp7dwFvbe2-g\",\"https:\\\/\\\/www.instagram.com\\\/knowla_edukacyjna_rozrywka\\\/\"]}]}<\/script>\n<!-- \/ Yoast SEO plugin. -->","yoast_head_json":{"title":"Politique de confidentialit\u00e9 de Knowla","description":"Notre politique de confidentialit\u00e9, notre panel de gestion des cookies, les conditions d'utilisation de notre newsletter et notre clause d'information.","robots":{"index":"index","follow":"follow","max-snippet":"max-snippet:-1","max-image-preview":"max-image-preview:large","max-video-preview":"max-video-preview:-1"},"canonical":"https:\/\/knowla.eu\/fr\/politique-de-confidentialite\/","og_locale":"fr_FR","og_type":"article","og_title":"Politique de confidentialit\u00e9 de Knowla","og_description":"Notre politique de confidentialit\u00e9, notre panel de gestion des cookies, les conditions d'utilisation de notre newsletter et notre clause d'information.","og_url":"https:\/\/knowla.eu\/fr\/politique-de-confidentialite\/","og_site_name":"Knowla","article_publisher":"https:\/\/www.facebook.com\/knowlaeu","article_modified_time":"2024-03-29T14:52:34+00:00","twitter_card":"summary_large_image","schema":{"@context":"https:\/\/schema.org","@graph":[{"@type":"WebPage","@id":"https:\/\/knowla.eu\/fr\/politique-de-confidentialite\/","url":"https:\/\/knowla.eu\/fr\/politique-de-confidentialite\/","name":"Politique de confidentialit\u00e9 de Knowla","isPartOf":{"@id":"https:\/\/knowla.eu\/sk\/#website"},"datePublished":"2022-02-15T14:45:41+00:00","dateModified":"2024-03-29T14:52:34+00:00","description":"Notre politique de confidentialit\u00e9, notre panel de gestion des cookies, les conditions d'utilisation de notre newsletter et notre clause d'information.","breadcrumb":{"@id":"https:\/\/knowla.eu\/fr\/politique-de-confidentialite\/#breadcrumb"},"inLanguage":"fr-FR","potentialAction":[{"@type":"ReadAction","target":["https:\/\/knowla.eu\/fr\/politique-de-confidentialite\/"]}]},{"@type":"BreadcrumbList","@id":"https:\/\/knowla.eu\/fr\/politique-de-confidentialite\/#breadcrumb","itemListElement":[{"@type":"ListItem","position":1,"name":"Strona g\u0142\u00f3wna","item":"https:\/\/knowla.eu\/"},{"@type":"ListItem","position":2,"name":"Politique de confidentialit\u00e9"}]},{"@type":"WebSite","@id":"https:\/\/knowla.eu\/sk\/#website","url":"https:\/\/knowla.eu\/sk\/","name":"Knowla","description":"M\u0105drze jest si\u0119 bawi\u0107","publisher":{"@id":"https:\/\/knowla.eu\/sk\/#organization"},"potentialAction":[{"@type":"SearchAction","target":{"@type":"EntryPoint","urlTemplate":"https:\/\/knowla.eu\/sk\/?s={search_term_string}"},"query-input":{"@type":"PropertyValueSpecification","valueRequired":true,"valueName":"search_term_string"}}],"inLanguage":"fr-FR"},{"@type":"Organization","@id":"https:\/\/knowla.eu\/sk\/#organization","name":"Knowla","url":"https:\/\/knowla.eu\/sk\/","logo":{"@type":"ImageObject","inLanguage":"fr-FR","@id":"https:\/\/knowla.eu\/sk\/#\/schema\/logo\/image\/","url":"https:\/\/knowla.eu\/wp-content\/uploads\/2023\/03\/favicon-knowla-eu.png","contentUrl":"https:\/\/knowla.eu\/wp-content\/uploads\/2023\/03\/favicon-knowla-eu.png","width":512,"height":512,"caption":"Knowla"},"image":{"@id":"https:\/\/knowla.eu\/sk\/#\/schema\/logo\/image\/"},"sameAs":["https:\/\/www.facebook.com\/knowlaeu","https:\/\/www.youtube.com\/channel\/UCn2L711qEsbTp7dwFvbe2-g","https:\/\/www.instagram.com\/knowla_edukacyjna_rozrywka\/"]}]}},"_links":{"self":[{"href":"https:\/\/knowla.eu\/fr\/wp-json\/wp\/v2\/pages\/19117","targetHints":{"allow":["GET"]}}],"collection":[{"href":"https:\/\/knowla.eu\/fr\/wp-json\/wp\/v2\/pages"}],"about":[{"href":"https:\/\/knowla.eu\/fr\/wp-json\/wp\/v2\/types\/page"}],"author":[{"embeddable":true,"href":"https:\/\/knowla.eu\/fr\/wp-json\/wp\/v2\/users\/2"}],"replies":[{"embeddable":true,"href":"https:\/\/knowla.eu\/fr\/wp-json\/wp\/v2\/comments?post=19117"}],"version-history":[{"count":1,"href":"https:\/\/knowla.eu\/fr\/wp-json\/wp\/v2\/pages\/19117\/revisions"}],"predecessor-version":[{"id":19118,"href":"https:\/\/knowla.eu\/fr\/wp-json\/wp\/v2\/pages\/19117\/revisions\/19118"}],"wp:attachment":[{"href":"https:\/\/knowla.eu\/fr\/wp-json\/wp\/v2\/media?parent=19117"}],"wp:term":[{"taxonomy":"category","embeddable":true,"href":"https:\/\/knowla.eu\/fr\/wp-json\/wp\/v2\/categories?post=19117"}],"curies":[{"name":"wp","href":"https:\/\/api.w.org\/{rel}","templated":true}]}}