{"id":21797,"date":"2024-03-28T14:04:52","date_gmt":"2024-03-28T13:04:52","guid":{"rendered":"https:\/\/knowla.eu\/%ce%bf%ce%b4%ce%b7%ce%b3%ce%af%ce%b5%cf%82-%ce%bb%ce%b5%ce%b9%cf%84%ce%bf%cf%85%cf%81%ce%b3%ce%af%ce%b1%cf%82\/"},"modified":"2024-07-27T14:50:08","modified_gmt":"2024-07-27T12:50:08","slug":"%ce%bf%ce%b4%ce%b7%ce%b3%ce%af%ce%b5%cf%82-%ce%bb%ce%b5%ce%b9%cf%84%ce%bf%cf%85%cf%81%ce%b3%ce%af%ce%b1%cf%82","status":"publish","type":"page","link":"https:\/\/knowla.eu\/el\/%ce%bf%ce%b4%ce%b7%ce%b3%ce%af%ce%b5%cf%82-%ce%bb%ce%b5%ce%b9%cf%84%ce%bf%cf%85%cf%81%ce%b3%ce%af%ce%b1%cf%82\/","title":{"rendered":"\u039f\u03b4\u03b7\u03b3\u03af\u03b5\u03c2 \u03bb\u03b5\u03b9\u03c4\u03bf\u03c5\u03c1\u03b3\u03af\u03b1\u03c2"},"content":{"rendered":"\t\t<div data-elementor-type=\"wp-page\" data-elementor-id=\"21797\" class=\"elementor elementor-21797 elementor-20008\" data-elementor-post-type=\"page\">\n\t\t\t\t<div class=\"elementor-element elementor-element-5ac90b5 e-flex e-con-boxed e-con e-parent\" data-id=\"5ac90b5\" data-element_type=\"container\" data-e-type=\"container\" data-settings=\"{&quot;background_background&quot;:&quot;classic&quot;}\">\n\t\t\t\t\t<div class=\"e-con-inner\">\n\t\t\t\t<div class=\"elementor-element elementor-element-f12058a elementor-widget__width-inherit elementor-absolute elementor-hidden-mobile elementor-widget elementor-widget-image\" data-id=\"f12058a\" data-element_type=\"widget\" data-e-type=\"widget\" data-settings=\"{&quot;_position&quot;:&quot;absolute&quot;}\" data-widget_type=\"image.default\">\n\t\t\t\t<div class=\"elementor-widget-container\">\n\t\t\t\t\t\t\t\t\t\t\t\t\t\t\t<img decoding=\"async\" width=\"800\" height=\"29\" src=\"https:\/\/knowla.eu\/wp-content\/uploads\/2022\/10\/divider_bottom_black-1.svg\" class=\"attachment-large size-large wp-image-21022\" alt=\"\" \/>\t\t\t\t\t\t\t\t\t\t\t\t\t\t\t<\/div>\n\t\t\t\t<\/div>\n\t\t\t\t<div class=\"elementor-element elementor-element-a38e85a elementor-widget__width-inherit elementor-absolute elementor-hidden-desktop elementor-hidden-tablet elementor-widget elementor-widget-image\" data-id=\"a38e85a\" data-element_type=\"widget\" data-e-type=\"widget\" data-settings=\"{&quot;_position&quot;:&quot;absolute&quot;}\" data-widget_type=\"image.default\">\n\t\t\t\t<div class=\"elementor-widget-container\">\n\t\t\t\t\t\t\t\t\t\t\t\t\t\t\t<img decoding=\"async\" width=\"414\" height=\"51\" src=\"https:\/\/knowla.eu\/wp-content\/uploads\/2022\/10\/divider_bottom_black_mobile.svg\" class=\"attachment-large size-large wp-image-21026\" alt=\"\" \/>\t\t\t\t\t\t\t\t\t\t\t\t\t\t\t<\/div>\n\t\t\t\t<\/div>\n\t\t<div class=\"elementor-element elementor-element-b5f2f5c elementor-hidden-mobile e-flex e-con-boxed e-con e-child\" data-id=\"b5f2f5c\" data-element_type=\"container\" data-e-type=\"container\" data-settings=\"{&quot;background_background&quot;:&quot;classic&quot;,&quot;motion_fx_motion_fx_scrolling&quot;:&quot;yes&quot;,&quot;motion_fx_devices&quot;:[&quot;desktop&quot;,&quot;tablet&quot;,&quot;mobile&quot;]}\">\n\t\t\t\t\t<div class=\"e-con-inner\">\n\t\t<div class=\"elementor-element elementor-element-cbde4ad e-con-full e-flex elementor-invisible e-con e-child\" data-id=\"cbde4ad\" data-element_type=\"container\" data-e-type=\"container\" data-settings=\"{&quot;background_background&quot;:&quot;classic&quot;,&quot;motion_fx_motion_fx_scrolling&quot;:&quot;yes&quot;,&quot;motion_fx_translateY_effect&quot;:&quot;yes&quot;,&quot;motion_fx_translateY_speed&quot;:{&quot;unit&quot;:&quot;px&quot;,&quot;size&quot;:2,&quot;sizes&quot;:[]},&quot;motion_fx_translateY_affectedRange&quot;:{&quot;unit&quot;:&quot;%&quot;,&quot;size&quot;:&quot;&quot;,&quot;sizes&quot;:{&quot;start&quot;:50,&quot;end&quot;:100}},&quot;animation&quot;:&quot;fadeIn&quot;,&quot;animation_delay&quot;:250,&quot;motion_fx_devices&quot;:[&quot;desktop&quot;,&quot;tablet&quot;,&quot;mobile&quot;]}\">\n\t\t\t\t<div class=\"elementor-element elementor-element-0e279ae elementor-widget elementor-widget-heading\" data-id=\"0e279ae\" data-element_type=\"widget\" data-e-type=\"widget\" data-widget_type=\"heading.default\">\n\t\t\t\t<div class=\"elementor-widget-container\">\n\t\t\t\t\t<h1 class=\"elementor-heading-title elementor-size-default\"><span class=\"one\">\u039f\u03b4\u03b7\u03b3\u03af\u03b5\u03c2 \u03bb\u03b5\u03b9\u03c4\u03bf\u03c5\u03c1\u03b3\u03af\u03b1\u03c2<\/span><\/h1>\t\t\t\t<\/div>\n\t\t\t\t<\/div>\n\t\t\t\t<\/div>\n\t\t\t\t\t<\/div>\n\t\t\t\t<\/div>\n\t\t\t\t\t<\/div>\n\t\t\t\t<\/div>\n\t\t<div class=\"elementor-element elementor-element-9234791 e-grid e-con-boxed e-con e-parent\" data-id=\"9234791\" data-element_type=\"container\" data-e-type=\"container\">\n\t\t\t\t\t<div class=\"e-con-inner\">\n\t\t<div class=\"elementor-element elementor-element-7aaef27 e-con-full e-flex e-con e-child\" data-id=\"7aaef27\" data-element_type=\"container\" data-e-type=\"container\">\n\t\t\t\t<div class=\"elementor-element elementor-element-6b946a0 elementor-widget elementor-widget-heading\" data-id=\"6b946a0\" data-element_type=\"widget\" data-e-type=\"widget\" data-widget_type=\"heading.default\">\n\t\t\t\t<div class=\"elementor-widget-container\">\n\t\t\t\t\t<h2 class=\"elementor-heading-title elementor-size-default\">Knowla Box<\/h2>\t\t\t\t<\/div>\n\t\t\t\t<\/div>\n\t\t\t\t<\/div>\n\t\t<div class=\"elementor-element elementor-element-c6c9979 e-con-full e-flex e-con e-child\" data-id=\"c6c9979\" data-element_type=\"container\" data-e-type=\"container\">\n\t\t\t\t<div class=\"elementor-element elementor-element-9ce8b6c elementor-widget elementor-widget-heading\" data-id=\"9ce8b6c\" data-element_type=\"widget\" data-e-type=\"widget\" data-widget_type=\"heading.default\">\n\t\t\t\t<div class=\"elementor-widget-container\">\n\t\t\t\t\t<h2 class=\"elementor-heading-title elementor-size-default\">Knowla Wall<\/h2>\t\t\t\t<\/div>\n\t\t\t\t<\/div>\n\t\t\t\t<\/div>\n\t\t\t\t<div class=\"elementor-element elementor-element-8888461 elementor-widget elementor-widget-image\" data-id=\"8888461\" data-element_type=\"widget\" data-e-type=\"widget\" data-widget_type=\"image.default\">\n\t\t\t\t<div class=\"elementor-widget-container\">\n\t\t\t\t\t\t\t\t\t\t\t\t\t\t\t\t<a href=\"https:\/\/knowla.eu\/wp-content\/uploads\/2024\/03\/Knowla_instrucja_PL_v4_Helvetica.pdf\">\n\t\t\t\t\t\t\t<img decoding=\"async\" width=\"200\" height=\"150\" src=\"https:\/\/knowla.eu\/wp-content\/uploads\/2024\/07\/flaga-polska-prostokat.jpg\" class=\"attachment-medium size-medium wp-image-21684\" alt=\"flaga polska prostok\u0105t\" \/>\t\t\t\t\t\t\t\t<\/a>\n\t\t\t\t\t\t\t\t\t\t\t\t\t\t\t<\/div>\n\t\t\t\t<\/div>\n\t\t\t\t<div class=\"elementor-element elementor-element-f0c3349 elementor-widget elementor-widget-image\" data-id=\"f0c3349\" data-element_type=\"widget\" data-e-type=\"widget\" data-widget_type=\"image.default\">\n\t\t\t\t<div class=\"elementor-widget-container\">\n\t\t\t\t\t\t\t\t\t\t\t\t\t\t\t\t<a href=\"https:\/\/www.knoocker.com\/wp-content\/uploads\/2022\/02\/instrukcja-knoocker-classic.pdf\">\n\t\t\t\t\t\t\t<img decoding=\"async\" width=\"200\" height=\"150\" src=\"https:\/\/knowla.eu\/wp-content\/uploads\/2024\/07\/flaga-polska-prostokat.jpg\" class=\"attachment-medium size-medium wp-image-21684\" alt=\"flaga polska prostok\u0105t\" \/>\t\t\t\t\t\t\t\t<\/a>\n\t\t\t\t\t\t\t\t\t\t\t\t\t\t\t<\/div>\n\t\t\t\t<\/div>\n\t\t\t\t<div class=\"elementor-element elementor-element-cc52f45 elementor-widget elementor-widget-image\" data-id=\"cc52f45\" data-element_type=\"widget\" data-e-type=\"widget\" data-widget_type=\"image.default\">\n\t\t\t\t<div class=\"elementor-widget-container\">\n\t\t\t\t\t\t\t\t\t\t\t\t\t\t\t\t<a href=\"https:\/\/knowla.eu\/wp-content\/uploads\/2024\/05\/Knowla_instrucja_EN_.pdf\">\n\t\t\t\t\t\t\t<img loading=\"lazy\" decoding=\"async\" width=\"200\" height=\"150\" src=\"https:\/\/knowla.eu\/wp-content\/uploads\/2024\/07\/flaga-wielka-brytania-prostokat.jpg\" class=\"attachment-medium size-medium wp-image-21735\" alt=\"flaga wielka brytania prostok\u0105t\" \/>\t\t\t\t\t\t\t\t<\/a>\n\t\t\t\t\t\t\t\t\t\t\t\t\t\t\t<\/div>\n\t\t\t\t<\/div>\n\t\t\t\t<div class=\"elementor-element elementor-element-22613b8 elementor-widget elementor-widget-image\" data-id=\"22613b8\" data-element_type=\"widget\" data-e-type=\"widget\" data-widget_type=\"image.default\">\n\t\t\t\t<div class=\"elementor-widget-container\">\n\t\t\t\t\t\t\t\t\t\t\t\t\t\t\t\t<a href=\"https:\/\/www.knoocker.com\/wp-content\/uploads\/2021\/11\/user-manual-knoocker-classic.pdf\">\n\t\t\t\t\t\t\t<img loading=\"lazy\" decoding=\"async\" width=\"200\" height=\"150\" src=\"https:\/\/knowla.eu\/wp-content\/uploads\/2024\/07\/flaga-wielka-brytania-prostokat.jpg\" class=\"attachment-medium size-medium wp-image-21735\" alt=\"flaga wielka brytania prostok\u0105t\" \/>\t\t\t\t\t\t\t\t<\/a>\n\t\t\t\t\t\t\t\t\t\t\t\t\t\t\t<\/div>\n\t\t\t\t<\/div>\n\t\t\t\t<div class=\"elementor-element elementor-element-8a154c1 elementor-widget elementor-widget-image\" data-id=\"8a154c1\" data-element_type=\"widget\" data-e-type=\"widget\" data-widget_type=\"image.default\">\n\t\t\t\t<div class=\"elementor-widget-container\">\n\t\t\t\t\t\t\t\t\t\t\t\t\t\t\t\t<a href=\"https:\/\/knowla.eu\/wp-content\/uploads\/2024\/04\/Knowla_instrucja_SK_100424.pdf\">\n\t\t\t\t\t\t\t<img loading=\"lazy\" decoding=\"async\" width=\"200\" height=\"150\" src=\"https:\/\/knowla.eu\/wp-content\/uploads\/2024\/07\/flaga-slowacja-prostokat.jpg\" class=\"attachment-medium size-medium wp-image-21718\" alt=\"flaga s\u0142owacja prostok\u0105t\" \/>\t\t\t\t\t\t\t\t<\/a>\n\t\t\t\t\t\t\t\t\t\t\t\t\t\t\t<\/div>\n\t\t\t\t<\/div>\n\t\t\t\t<div class=\"elementor-element elementor-element-22771ff elementor-widget elementor-widget-image\" data-id=\"22771ff\" data-element_type=\"widget\" data-e-type=\"widget\" data-widget_type=\"image.default\">\n\t\t\t\t<div class=\"elementor-widget-container\">\n\t\t\t\t\t\t\t\t\t\t\t\t\t\t\t<img loading=\"lazy\" decoding=\"async\" width=\"200\" height=\"150\" src=\"https:\/\/knowla.eu\/wp-content\/uploads\/2024\/07\/flaga-slowacja-prostokat.jpg\" class=\"attachment-medium size-medium wp-image-21718\" alt=\"flaga s\u0142owacja prostok\u0105t\" \/>\t\t\t\t\t\t\t\t\t\t\t\t\t\t\t<\/div>\n\t\t\t\t<\/div>\n\t\t\t\t<div class=\"elementor-element elementor-element-593352d elementor-widget elementor-widget-image\" data-id=\"593352d\" data-element_type=\"widget\" data-e-type=\"widget\" data-widget_type=\"image.default\">\n\t\t\t\t<div class=\"elementor-widget-container\">\n\t\t\t\t\t\t\t\t\t\t\t\t\t\t\t\t<a href=\"https:\/\/knowla.eu\/wp-content\/uploads\/2024\/04\/Knowla_instrucja_LT_150424.pdf\">\n\t\t\t\t\t\t\t<img loading=\"lazy\" decoding=\"async\" width=\"200\" height=\"150\" src=\"https:\/\/knowla.eu\/wp-content\/uploads\/2024\/07\/flaga-litwa-prostokat.jpg\" class=\"attachment-medium size-medium wp-image-21650\" alt=\"flaga litwa prostok\u0105t\" \/>\t\t\t\t\t\t\t\t<\/a>\n\t\t\t\t\t\t\t\t\t\t\t\t\t\t\t<\/div>\n\t\t\t\t<\/div>\n\t\t\t\t<div class=\"elementor-element elementor-element-ae5197a elementor-widget elementor-widget-image\" data-id=\"ae5197a\" data-element_type=\"widget\" data-e-type=\"widget\" data-widget_type=\"image.default\">\n\t\t\t\t<div class=\"elementor-widget-container\">\n\t\t\t\t\t\t\t\t\t\t\t\t\t\t\t<img loading=\"lazy\" decoding=\"async\" width=\"200\" height=\"150\" src=\"https:\/\/knowla.eu\/wp-content\/uploads\/2024\/07\/flaga-litwa-prostokat.jpg\" class=\"attachment-medium size-medium wp-image-21650\" alt=\"flaga litwa prostok\u0105t\" \/>\t\t\t\t\t\t\t\t\t\t\t\t\t\t\t<\/div>\n\t\t\t\t<\/div>\n\t\t\t\t<div class=\"elementor-element elementor-element-47a649e elementor-widget elementor-widget-image\" data-id=\"47a649e\" data-element_type=\"widget\" data-e-type=\"widget\" data-widget_type=\"image.default\">\n\t\t\t\t<div class=\"elementor-widget-container\">\n\t\t\t\t\t\t\t\t\t\t\t\t\t\t\t\t<a href=\"https:\/\/knowla.eu\/wp-content\/uploads\/2024\/05\/Knowla_instrucja_LV_210524.pdf\">\n\t\t\t\t\t\t\t<img loading=\"lazy\" decoding=\"async\" width=\"200\" height=\"150\" src=\"https:\/\/knowla.eu\/wp-content\/uploads\/2024\/07\/flaga-lotwa-prostokat.jpg\" class=\"attachment-medium size-medium wp-image-21667\" alt=\"flaga \u0142otwa prostok\u0105t\" \/>\t\t\t\t\t\t\t\t<\/a>\n\t\t\t\t\t\t\t\t\t\t\t\t\t\t\t<\/div>\n\t\t\t\t<\/div>\n\t\t\t\t<div class=\"elementor-element elementor-element-02e051e elementor-widget elementor-widget-image\" data-id=\"02e051e\" data-element_type=\"widget\" data-e-type=\"widget\" data-widget_type=\"image.default\">\n\t\t\t\t<div class=\"elementor-widget-container\">\n\t\t\t\t\t\t\t\t\t\t\t\t\t\t\t<img loading=\"lazy\" decoding=\"async\" width=\"200\" height=\"150\" src=\"https:\/\/knowla.eu\/wp-content\/uploads\/2024\/07\/flaga-lotwa-prostokat.jpg\" class=\"attachment-medium size-medium wp-image-21667\" alt=\"flaga \u0142otwa prostok\u0105t\" \/>\t\t\t\t\t\t\t\t\t\t\t\t\t\t\t<\/div>\n\t\t\t\t<\/div>\n\t\t\t\t<div class=\"elementor-element elementor-element-3e77900 elementor-widget elementor-widget-image\" data-id=\"3e77900\" data-element_type=\"widget\" data-e-type=\"widget\" data-widget_type=\"image.default\">\n\t\t\t\t<div class=\"elementor-widget-container\">\n\t\t\t\t\t\t\t\t\t\t\t\t\t\t\t\t<a href=\"https:\/\/knowla.eu\/wp-content\/uploads\/2024\/04\/Knowla_instrucja_RO_190424.pdf\">\n\t\t\t\t\t\t\t<img loading=\"lazy\" decoding=\"async\" width=\"200\" height=\"150\" src=\"https:\/\/knowla.eu\/wp-content\/uploads\/2024\/07\/flaga-rumunia-prostokat.jpg\" class=\"attachment-medium size-medium wp-image-21701\" alt=\"flaga rumunia prostok\u0105t\" \/>\t\t\t\t\t\t\t\t<\/a>\n\t\t\t\t\t\t\t\t\t\t\t\t\t\t\t<\/div>\n\t\t\t\t<\/div>\n\t\t\t\t<div class=\"elementor-element elementor-element-2f8698f elementor-widget elementor-widget-image\" data-id=\"2f8698f\" data-element_type=\"widget\" data-e-type=\"widget\" data-widget_type=\"image.default\">\n\t\t\t\t<div class=\"elementor-widget-container\">\n\t\t\t\t\t\t\t\t\t\t\t\t\t\t\t<img loading=\"lazy\" decoding=\"async\" width=\"200\" height=\"150\" src=\"https:\/\/knowla.eu\/wp-content\/uploads\/2024\/07\/flaga-rumunia-prostokat.jpg\" class=\"attachment-medium size-medium wp-image-21701\" alt=\"flaga rumunia prostok\u0105t\" \/>\t\t\t\t\t\t\t\t\t\t\t\t\t\t\t<\/div>\n\t\t\t\t<\/div>\n\t\t\t\t\t<\/div>\n\t\t\t\t<\/div>\n\t\t<div class=\"elementor-element elementor-element-481625c e-flex e-con-boxed e-con e-parent\" data-id=\"481625c\" data-element_type=\"container\" data-e-type=\"container\">\n\t\t\t\t\t<div class=\"e-con-inner\">\n\t\t\t\t<div class=\"elementor-element elementor-element-abbba5c elementor-widget elementor-widget-spacer\" data-id=\"abbba5c\" data-element_type=\"widget\" data-e-type=\"widget\" data-widget_type=\"spacer.default\">\n\t\t\t\t<div class=\"elementor-widget-container\">\n\t\t\t\t\t\t\t<div class=\"elementor-spacer\">\n\t\t\t<div class=\"elementor-spacer-inner\"><\/div>\n\t\t<\/div>\n\t\t\t\t\t\t<\/div>\n\t\t\t\t<\/div>\n\t\t\t\t\t<\/div>\n\t\t\t\t<\/div>\n\t\t<div class=\"elementor-element elementor-element-30c2fbd e-flex e-con-boxed e-con e-parent\" data-id=\"30c2fbd\" data-element_type=\"container\" data-e-type=\"container\">\n\t\t\t\t\t<div class=\"e-con-inner\">\n\t\t\t\t<div class=\"elementor-element elementor-element-8147d46 elementor-widget elementor-widget-spacer\" data-id=\"8147d46\" data-element_type=\"widget\" data-e-type=\"widget\" data-widget_type=\"spacer.default\">\n\t\t\t\t<div class=\"elementor-widget-container\">\n\t\t\t\t\t\t\t<div class=\"elementor-spacer\">\n\t\t\t<div class=\"elementor-spacer-inner\"><\/div>\n\t\t<\/div>\n\t\t\t\t\t\t<\/div>\n\t\t\t\t<\/div>\n\t\t\t\t\t<\/div>\n\t\t\t\t<\/div>\n\t\t\t\t<\/div>\n\t\t","protected":false},"excerpt":{"rendered":"<p>\u039f\u03b4\u03b7\u03b3\u03af\u03b5\u03c2 \u03bb\u03b5\u03b9\u03c4\u03bf\u03c5\u03c1\u03b3\u03af\u03b1\u03c2 Knowla Box Knowla Wall<\/p>\n","protected":false},"author":9,"featured_media":0,"parent":0,"menu_order":0,"comment_status":"closed","ping_status":"closed","template":"","meta":{"footnotes":""},"categories":[],"class_list":["post-21797","page","type-page","status-publish","hentry"],"yoast_head":"<!-- This site is optimized with the Yoast SEO plugin v27.4 - https:\/\/yoast.com\/product\/yoast-seo-wordpress\/ -->\n<title>\u039f\u03b4\u03b7\u03b3\u03af\u03b5\u03c2 \u03bb\u03b5\u03b9\u03c4\u03bf\u03c5\u03c1\u03b3\u03af\u03b1\u03c2 - Knowla<\/title>\n<meta name=\"robots\" content=\"index, follow, max-snippet:-1, max-image-preview:large, max-video-preview:-1\" \/>\n<link rel=\"canonical\" href=\"https:\/\/knowla.eu\/el\/\u03bf\u03b4\u03b7\u03b3\u03af\u03b5\u03c2-\u03bb\u03b5\u03b9\u03c4\u03bf\u03c5\u03c1\u03b3\u03af\u03b1\u03c2\/\" \/>\n<meta property=\"og:locale\" content=\"el_GR\" \/>\n<meta property=\"og:type\" content=\"article\" \/>\n<meta property=\"og:title\" content=\"\u039f\u03b4\u03b7\u03b3\u03af\u03b5\u03c2 \u03bb\u03b5\u03b9\u03c4\u03bf\u03c5\u03c1\u03b3\u03af\u03b1\u03c2 - Knowla\" \/>\n<meta property=\"og:description\" content=\"\u039f\u03b4\u03b7\u03b3\u03af\u03b5\u03c2 \u03bb\u03b5\u03b9\u03c4\u03bf\u03c5\u03c1\u03b3\u03af\u03b1\u03c2 Knowla Box Knowla Wall\" \/>\n<meta property=\"og:url\" content=\"https:\/\/knowla.eu\/el\/\u03bf\u03b4\u03b7\u03b3\u03af\u03b5\u03c2-\u03bb\u03b5\u03b9\u03c4\u03bf\u03c5\u03c1\u03b3\u03af\u03b1\u03c2\/\" \/>\n<meta property=\"og:site_name\" content=\"Knowla\" \/>\n<meta property=\"article:publisher\" content=\"https:\/\/www.facebook.com\/knowlaeu\" \/>\n<meta property=\"article:modified_time\" content=\"2024-07-27T12:50:08+00:00\" \/>\n<meta property=\"og:image\" content=\"https:\/\/knowla.eu\/wp-content\/uploads\/2022\/10\/divider_bottom_black-1.svg\" \/>\n<meta name=\"twitter:card\" content=\"summary_large_image\" \/>\n<script type=\"application\/ld+json\" class=\"yoast-schema-graph\">{\"@context\":\"https:\\\/\\\/schema.org\",\"@graph\":[{\"@type\":\"WebPage\",\"@id\":\"https:\\\/\\\/knowla.eu\\\/el\\\/%ce%bf%ce%b4%ce%b7%ce%b3%ce%af%ce%b5%cf%82-%ce%bb%ce%b5%ce%b9%cf%84%ce%bf%cf%85%cf%81%ce%b3%ce%af%ce%b1%cf%82\\\/\",\"url\":\"https:\\\/\\\/knowla.eu\\\/el\\\/%ce%bf%ce%b4%ce%b7%ce%b3%ce%af%ce%b5%cf%82-%ce%bb%ce%b5%ce%b9%cf%84%ce%bf%cf%85%cf%81%ce%b3%ce%af%ce%b1%cf%82\\\/\",\"name\":\"\u039f\u03b4\u03b7\u03b3\u03af\u03b5\u03c2 \u03bb\u03b5\u03b9\u03c4\u03bf\u03c5\u03c1\u03b3\u03af\u03b1\u03c2 - Knowla\",\"isPartOf\":{\"@id\":\"https:\\\/\\\/knowla.eu\\\/sk\\\/#website\"},\"primaryImageOfPage\":{\"@id\":\"https:\\\/\\\/knowla.eu\\\/el\\\/%ce%bf%ce%b4%ce%b7%ce%b3%ce%af%ce%b5%cf%82-%ce%bb%ce%b5%ce%b9%cf%84%ce%bf%cf%85%cf%81%ce%b3%ce%af%ce%b1%cf%82\\\/#primaryimage\"},\"image\":{\"@id\":\"https:\\\/\\\/knowla.eu\\\/el\\\/%ce%bf%ce%b4%ce%b7%ce%b3%ce%af%ce%b5%cf%82-%ce%bb%ce%b5%ce%b9%cf%84%ce%bf%cf%85%cf%81%ce%b3%ce%af%ce%b1%cf%82\\\/#primaryimage\"},\"thumbnailUrl\":\"https:\\\/\\\/knowla.eu\\\/wp-content\\\/uploads\\\/2022\\\/10\\\/divider_bottom_black-1.svg\",\"datePublished\":\"2024-03-28T13:04:52+00:00\",\"dateModified\":\"2024-07-27T12:50:08+00:00\",\"breadcrumb\":{\"@id\":\"https:\\\/\\\/knowla.eu\\\/el\\\/%ce%bf%ce%b4%ce%b7%ce%b3%ce%af%ce%b5%cf%82-%ce%bb%ce%b5%ce%b9%cf%84%ce%bf%cf%85%cf%81%ce%b3%ce%af%ce%b1%cf%82\\\/#breadcrumb\"},\"inLanguage\":\"el\",\"potentialAction\":[{\"@type\":\"ReadAction\",\"target\":[\"https:\\\/\\\/knowla.eu\\\/el\\\/%ce%bf%ce%b4%ce%b7%ce%b3%ce%af%ce%b5%cf%82-%ce%bb%ce%b5%ce%b9%cf%84%ce%bf%cf%85%cf%81%ce%b3%ce%af%ce%b1%cf%82\\\/\"]}]},{\"@type\":\"ImageObject\",\"inLanguage\":\"el\",\"@id\":\"https:\\\/\\\/knowla.eu\\\/el\\\/%ce%bf%ce%b4%ce%b7%ce%b3%ce%af%ce%b5%cf%82-%ce%bb%ce%b5%ce%b9%cf%84%ce%bf%cf%85%cf%81%ce%b3%ce%af%ce%b1%cf%82\\\/#primaryimage\",\"url\":\"https:\\\/\\\/knowla.eu\\\/wp-content\\\/uploads\\\/2022\\\/10\\\/divider_bottom_black-1.svg\",\"contentUrl\":\"https:\\\/\\\/knowla.eu\\\/wp-content\\\/uploads\\\/2022\\\/10\\\/divider_bottom_black-1.svg\"},{\"@type\":\"BreadcrumbList\",\"@id\":\"https:\\\/\\\/knowla.eu\\\/el\\\/%ce%bf%ce%b4%ce%b7%ce%b3%ce%af%ce%b5%cf%82-%ce%bb%ce%b5%ce%b9%cf%84%ce%bf%cf%85%cf%81%ce%b3%ce%af%ce%b1%cf%82\\\/#breadcrumb\",\"itemListElement\":[{\"@type\":\"ListItem\",\"position\":1,\"name\":\"Strona g\u0142\u00f3wna\",\"item\":\"https:\\\/\\\/knowla.eu\\\/\"},{\"@type\":\"ListItem\",\"position\":2,\"name\":\"\u039f\u03b4\u03b7\u03b3\u03af\u03b5\u03c2 \u03bb\u03b5\u03b9\u03c4\u03bf\u03c5\u03c1\u03b3\u03af\u03b1\u03c2\"}]},{\"@type\":\"WebSite\",\"@id\":\"https:\\\/\\\/knowla.eu\\\/sk\\\/#website\",\"url\":\"https:\\\/\\\/knowla.eu\\\/sk\\\/\",\"name\":\"Knowla\",\"description\":\"M\u0105drze jest si\u0119 bawi\u0107\",\"publisher\":{\"@id\":\"https:\\\/\\\/knowla.eu\\\/sk\\\/#organization\"},\"potentialAction\":[{\"@type\":\"SearchAction\",\"target\":{\"@type\":\"EntryPoint\",\"urlTemplate\":\"https:\\\/\\\/knowla.eu\\\/sk\\\/?s={search_term_string}\"},\"query-input\":{\"@type\":\"PropertyValueSpecification\",\"valueRequired\":true,\"valueName\":\"search_term_string\"}}],\"inLanguage\":\"el\"},{\"@type\":\"Organization\",\"@id\":\"https:\\\/\\\/knowla.eu\\\/sk\\\/#organization\",\"name\":\"Knowla\",\"url\":\"https:\\\/\\\/knowla.eu\\\/sk\\\/\",\"logo\":{\"@type\":\"ImageObject\",\"inLanguage\":\"el\",\"@id\":\"https:\\\/\\\/knowla.eu\\\/sk\\\/#\\\/schema\\\/logo\\\/image\\\/\",\"url\":\"https:\\\/\\\/knowla.eu\\\/wp-content\\\/uploads\\\/2023\\\/03\\\/favicon-knowla-eu.png\",\"contentUrl\":\"https:\\\/\\\/knowla.eu\\\/wp-content\\\/uploads\\\/2023\\\/03\\\/favicon-knowla-eu.png\",\"width\":512,\"height\":512,\"caption\":\"Knowla\"},\"image\":{\"@id\":\"https:\\\/\\\/knowla.eu\\\/sk\\\/#\\\/schema\\\/logo\\\/image\\\/\"},\"sameAs\":[\"https:\\\/\\\/www.facebook.com\\\/knowlaeu\",\"https:\\\/\\\/www.youtube.com\\\/channel\\\/UCn2L711qEsbTp7dwFvbe2-g\",\"https:\\\/\\\/www.instagram.com\\\/knowla_edukacyjna_rozrywka\\\/\"]}]}<\/script>\n<!-- \/ Yoast SEO plugin. -->","yoast_head_json":{"title":"\u039f\u03b4\u03b7\u03b3\u03af\u03b5\u03c2 \u03bb\u03b5\u03b9\u03c4\u03bf\u03c5\u03c1\u03b3\u03af\u03b1\u03c2 - Knowla","robots":{"index":"index","follow":"follow","max-snippet":"max-snippet:-1","max-image-preview":"max-image-preview:large","max-video-preview":"max-video-preview:-1"},"canonical":"https:\/\/knowla.eu\/el\/\u03bf\u03b4\u03b7\u03b3\u03af\u03b5\u03c2-\u03bb\u03b5\u03b9\u03c4\u03bf\u03c5\u03c1\u03b3\u03af\u03b1\u03c2\/","og_locale":"el_GR","og_type":"article","og_title":"\u039f\u03b4\u03b7\u03b3\u03af\u03b5\u03c2 \u03bb\u03b5\u03b9\u03c4\u03bf\u03c5\u03c1\u03b3\u03af\u03b1\u03c2 - Knowla","og_description":"\u039f\u03b4\u03b7\u03b3\u03af\u03b5\u03c2 \u03bb\u03b5\u03b9\u03c4\u03bf\u03c5\u03c1\u03b3\u03af\u03b1\u03c2 Knowla Box Knowla Wall","og_url":"https:\/\/knowla.eu\/el\/\u03bf\u03b4\u03b7\u03b3\u03af\u03b5\u03c2-\u03bb\u03b5\u03b9\u03c4\u03bf\u03c5\u03c1\u03b3\u03af\u03b1\u03c2\/","og_site_name":"Knowla","article_publisher":"https:\/\/www.facebook.com\/knowlaeu","article_modified_time":"2024-07-27T12:50:08+00:00","og_image":[{"url":"https:\/\/knowla.eu\/wp-content\/uploads\/2022\/10\/divider_bottom_black-1.svg","type":"","width":"","height":""}],"twitter_card":"summary_large_image","schema":{"@context":"https:\/\/schema.org","@graph":[{"@type":"WebPage","@id":"https:\/\/knowla.eu\/el\/%ce%bf%ce%b4%ce%b7%ce%b3%ce%af%ce%b5%cf%82-%ce%bb%ce%b5%ce%b9%cf%84%ce%bf%cf%85%cf%81%ce%b3%ce%af%ce%b1%cf%82\/","url":"https:\/\/knowla.eu\/el\/%ce%bf%ce%b4%ce%b7%ce%b3%ce%af%ce%b5%cf%82-%ce%bb%ce%b5%ce%b9%cf%84%ce%bf%cf%85%cf%81%ce%b3%ce%af%ce%b1%cf%82\/","name":"\u039f\u03b4\u03b7\u03b3\u03af\u03b5\u03c2 \u03bb\u03b5\u03b9\u03c4\u03bf\u03c5\u03c1\u03b3\u03af\u03b1\u03c2 - Knowla","isPartOf":{"@id":"https:\/\/knowla.eu\/sk\/#website"},"primaryImageOfPage":{"@id":"https:\/\/knowla.eu\/el\/%ce%bf%ce%b4%ce%b7%ce%b3%ce%af%ce%b5%cf%82-%ce%bb%ce%b5%ce%b9%cf%84%ce%bf%cf%85%cf%81%ce%b3%ce%af%ce%b1%cf%82\/#primaryimage"},"image":{"@id":"https:\/\/knowla.eu\/el\/%ce%bf%ce%b4%ce%b7%ce%b3%ce%af%ce%b5%cf%82-%ce%bb%ce%b5%ce%b9%cf%84%ce%bf%cf%85%cf%81%ce%b3%ce%af%ce%b1%cf%82\/#primaryimage"},"thumbnailUrl":"https:\/\/knowla.eu\/wp-content\/uploads\/2022\/10\/divider_bottom_black-1.svg","datePublished":"2024-03-28T13:04:52+00:00","dateModified":"2024-07-27T12:50:08+00:00","breadcrumb":{"@id":"https:\/\/knowla.eu\/el\/%ce%bf%ce%b4%ce%b7%ce%b3%ce%af%ce%b5%cf%82-%ce%bb%ce%b5%ce%b9%cf%84%ce%bf%cf%85%cf%81%ce%b3%ce%af%ce%b1%cf%82\/#breadcrumb"},"inLanguage":"el","potentialAction":[{"@type":"ReadAction","target":["https:\/\/knowla.eu\/el\/%ce%bf%ce%b4%ce%b7%ce%b3%ce%af%ce%b5%cf%82-%ce%bb%ce%b5%ce%b9%cf%84%ce%bf%cf%85%cf%81%ce%b3%ce%af%ce%b1%cf%82\/"]}]},{"@type":"ImageObject","inLanguage":"el","@id":"https:\/\/knowla.eu\/el\/%ce%bf%ce%b4%ce%b7%ce%b3%ce%af%ce%b5%cf%82-%ce%bb%ce%b5%ce%b9%cf%84%ce%bf%cf%85%cf%81%ce%b3%ce%af%ce%b1%cf%82\/#primaryimage","url":"https:\/\/knowla.eu\/wp-content\/uploads\/2022\/10\/divider_bottom_black-1.svg","contentUrl":"https:\/\/knowla.eu\/wp-content\/uploads\/2022\/10\/divider_bottom_black-1.svg"},{"@type":"BreadcrumbList","@id":"https:\/\/knowla.eu\/el\/%ce%bf%ce%b4%ce%b7%ce%b3%ce%af%ce%b5%cf%82-%ce%bb%ce%b5%ce%b9%cf%84%ce%bf%cf%85%cf%81%ce%b3%ce%af%ce%b1%cf%82\/#breadcrumb","itemListElement":[{"@type":"ListItem","position":1,"name":"Strona g\u0142\u00f3wna","item":"https:\/\/knowla.eu\/"},{"@type":"ListItem","position":2,"name":"\u039f\u03b4\u03b7\u03b3\u03af\u03b5\u03c2 \u03bb\u03b5\u03b9\u03c4\u03bf\u03c5\u03c1\u03b3\u03af\u03b1\u03c2"}]},{"@type":"WebSite","@id":"https:\/\/knowla.eu\/sk\/#website","url":"https:\/\/knowla.eu\/sk\/","name":"Knowla","description":"M\u0105drze jest si\u0119 bawi\u0107","publisher":{"@id":"https:\/\/knowla.eu\/sk\/#organization"},"potentialAction":[{"@type":"SearchAction","target":{"@type":"EntryPoint","urlTemplate":"https:\/\/knowla.eu\/sk\/?s={search_term_string}"},"query-input":{"@type":"PropertyValueSpecification","valueRequired":true,"valueName":"search_term_string"}}],"inLanguage":"el"},{"@type":"Organization","@id":"https:\/\/knowla.eu\/sk\/#organization","name":"Knowla","url":"https:\/\/knowla.eu\/sk\/","logo":{"@type":"ImageObject","inLanguage":"el","@id":"https:\/\/knowla.eu\/sk\/#\/schema\/logo\/image\/","url":"https:\/\/knowla.eu\/wp-content\/uploads\/2023\/03\/favicon-knowla-eu.png","contentUrl":"https:\/\/knowla.eu\/wp-content\/uploads\/2023\/03\/favicon-knowla-eu.png","width":512,"height":512,"caption":"Knowla"},"image":{"@id":"https:\/\/knowla.eu\/sk\/#\/schema\/logo\/image\/"},"sameAs":["https:\/\/www.facebook.com\/knowlaeu","https:\/\/www.youtube.com\/channel\/UCn2L711qEsbTp7dwFvbe2-g","https:\/\/www.instagram.com\/knowla_edukacyjna_rozrywka\/"]}]}},"_links":{"self":[{"href":"https:\/\/knowla.eu\/el\/wp-json\/wp\/v2\/pages\/21797","targetHints":{"allow":["GET"]}}],"collection":[{"href":"https:\/\/knowla.eu\/el\/wp-json\/wp\/v2\/pages"}],"about":[{"href":"https:\/\/knowla.eu\/el\/wp-json\/wp\/v2\/types\/page"}],"author":[{"embeddable":true,"href":"https:\/\/knowla.eu\/el\/wp-json\/wp\/v2\/users\/9"}],"replies":[{"embeddable":true,"href":"https:\/\/knowla.eu\/el\/wp-json\/wp\/v2\/comments?post=21797"}],"version-history":[{"count":3,"href":"https:\/\/knowla.eu\/el\/wp-json\/wp\/v2\/pages\/21797\/revisions"}],"predecessor-version":[{"id":22074,"href":"https:\/\/knowla.eu\/el\/wp-json\/wp\/v2\/pages\/21797\/revisions\/22074"}],"wp:attachment":[{"href":"https:\/\/knowla.eu\/el\/wp-json\/wp\/v2\/media?parent=21797"}],"wp:term":[{"taxonomy":"category","embeddable":true,"href":"https:\/\/knowla.eu\/el\/wp-json\/wp\/v2\/categories?post=21797"}],"curies":[{"name":"wp","href":"https:\/\/api.w.org\/{rel}","templated":true}]}}