{"id":36018,"date":"2026-04-16T14:36:40","date_gmt":"2026-04-16T12:36:40","guid":{"rendered":"https:\/\/knowla.eu\/kataloge\/"},"modified":"2026-04-21T12:33:26","modified_gmt":"2026-04-21T10:33:26","slug":"online-katalog","status":"publish","type":"page","link":"https:\/\/knowla.eu\/de\/online-katalog\/","title":{"rendered":"Online-Katalog"},"content":{"rendered":"\t\t<div data-elementor-type=\"wp-page\" data-elementor-id=\"36018\" class=\"elementor elementor-36018 elementor-35951\" data-elementor-post-type=\"page\">\n\t\t\t\t<div class=\"elementor-element elementor-element-480c40a e-flex e-con-boxed e-con e-parent\" data-id=\"480c40a\" data-element_type=\"container\" data-e-type=\"container\">\n\t\t\t\t\t<div class=\"e-con-inner\">\n\t\t<div class=\"elementor-element elementor-element-76e0ca0 e-con-full e-flex e-con e-child\" data-id=\"76e0ca0\" data-element_type=\"container\" data-e-type=\"container\" data-settings=\"{&quot;background_background&quot;:&quot;classic&quot;}\">\n\t\t\t\t<div class=\"elementor-element elementor-element-8a65a87 elementor-widget__width-inherit elementor-widget elementor-widget-jet-listing-grid\" data-id=\"8a65a87\" data-element_type=\"widget\" data-e-type=\"widget\" data-settings=\"{&quot;columns&quot;:&quot;4&quot;}\" data-widget_type=\"jet-listing-grid.default\">\n\t\t\t\t<div class=\"elementor-widget-container\">\n\t\t\t\t\t<div class=\"jet-listing-grid jet-listing\"><div class=\"jet-listing-grid__items grid-col-desk-4 grid-col-tablet-4 grid-col-mobile-4 jet-listing-grid--35956\" data-queried-id=\"36018|WP_Post\" data-nav=\"{&quot;enabled&quot;:false,&quot;type&quot;:null,&quot;more_el&quot;:null,&quot;query&quot;:[],&quot;widget_settings&quot;:{&quot;lisitng_id&quot;:35956,&quot;posts_num&quot;:6,&quot;columns&quot;:4,&quot;columns_tablet&quot;:4,&quot;columns_mobile&quot;:4,&quot;column_min_width&quot;:240,&quot;column_min_width_tablet&quot;:240,&quot;column_min_width_mobile&quot;:240,&quot;inline_columns_css&quot;:false,&quot;is_archive_template&quot;:&quot;&quot;,&quot;post_status&quot;:[&quot;publish&quot;],&quot;use_random_posts_num&quot;:&quot;&quot;,&quot;max_posts_num&quot;:9,&quot;not_found_message&quot;:&quot;Es wurden keine Daten gefunden&quot;,&quot;is_masonry&quot;:false,&quot;equal_columns_height&quot;:&quot;&quot;,&quot;use_load_more&quot;:&quot;&quot;,&quot;load_more_id&quot;:&quot;&quot;,&quot;load_more_type&quot;:&quot;click&quot;,&quot;load_more_offset&quot;:null,&quot;use_custom_post_types&quot;:&quot;&quot;,&quot;custom_post_types&quot;:[],&quot;hide_widget_if&quot;:&quot;&quot;,&quot;carousel_enabled&quot;:&quot;&quot;,&quot;slides_to_scroll&quot;:&quot;1&quot;,&quot;arrows&quot;:&quot;true&quot;,&quot;arrow_icon&quot;:&quot;fa fa-angle-left&quot;,&quot;dots&quot;:&quot;&quot;,&quot;autoplay&quot;:&quot;true&quot;,&quot;pause_on_hover&quot;:&quot;true&quot;,&quot;autoplay_speed&quot;:5000,&quot;infinite&quot;:&quot;true&quot;,&quot;center_mode&quot;:&quot;&quot;,&quot;effect&quot;:&quot;slide&quot;,&quot;speed&quot;:500,&quot;inject_alternative_items&quot;:&quot;&quot;,&quot;injection_items&quot;:[],&quot;scroll_slider_enabled&quot;:&quot;&quot;,&quot;scroll_slider_on&quot;:[&quot;desktop&quot;,&quot;tablet&quot;,&quot;mobile&quot;],&quot;custom_query&quot;:false,&quot;custom_query_id&quot;:&quot;&quot;,&quot;_element_id&quot;:&quot;&quot;,&quot;collapse_first_last_gap&quot;:false,&quot;list_tag_selection&quot;:&quot;&quot;,&quot;list_items_wrapper_tag&quot;:&quot;div&quot;,&quot;list_item_tag&quot;:&quot;div&quot;,&quot;empty_items_wrapper_tag&quot;:&quot;div&quot;}}\" data-page=\"1\" data-pages=\"1\" data-listing-source=\"posts\" data-listing-id=\"35956\" data-query-id=\"\"><div class=\"jet-listing-grid__item jet-listing-dynamic-post-36048\" data-post-id=\"36048\"  >\t\t<div data-elementor-type=\"jet-listing-items\" data-elementor-id=\"35956\" class=\"elementor elementor-35956\" data-elementor-post-type=\"jet-engine\">\n\t\t\t\t<div class=\"elementor-element elementor-element-357b581 e-con-full e-flex e-con e-parent\" data-id=\"357b581\" data-element_type=\"container\" data-e-type=\"container\" data-settings=\"{&quot;background_background&quot;:&quot;classic&quot;}\">\n\t\t\t\t<div class=\"elementor-element elementor-element-eaeee89 elementor-widget elementor-widget-image\" data-id=\"eaeee89\" data-element_type=\"widget\" data-e-type=\"widget\" tabindex=\"-1\" data-widget_type=\"image.default\">\n\t\t\t\t<div class=\"elementor-widget-container\">\n\t\t\t\t\t\t\t\t\t\t\t\t\t\t\t\t<a href=\"https:\/\/knowla.eu\/de\/3d-flip-book\/knowla-edu-katalog\/\">\n\t\t\t\t\t\t\t<img fetchpriority=\"high\" decoding=\"async\" width=\"250\" height=\"350\" src=\"https:\/\/knowla.eu\/wp-content\/uploads\/2026\/04\/katalog-knowla-edu-miniaturka-2.png\" class=\"attachment-full size-full wp-image-36037\" alt=\"\" srcset=\"https:\/\/knowla.eu\/wp-content\/uploads\/2026\/04\/katalog-knowla-edu-miniaturka-2.png 250w, https:\/\/knowla.eu\/wp-content\/uploads\/2026\/04\/katalog-knowla-edu-miniaturka-2-214x300.png 214w\" sizes=\"(max-width: 250px) 100vw, 250px\" \/>\t\t\t\t\t\t\t\t<\/a>\n\t\t\t\t\t\t\t\t\t\t\t\t\t\t\t<\/div>\n\t\t\t\t<\/div>\n\t\t\t\t<div class=\"elementor-element elementor-element-fdbe6ee elementor-widget elementor-widget-heading\" data-id=\"fdbe6ee\" data-element_type=\"widget\" data-e-type=\"widget\" data-widget_type=\"heading.default\">\n\t\t\t\t<div class=\"elementor-widget-container\">\n\t\t\t\t\t<p class=\"elementor-heading-title elementor-size-default\"><a href=\"https:\/\/knowla.eu\/de\/3d-flip-book\/knowla-edu-katalog\/\">Knowla EDU-Katalog<\/a><\/p>\t\t\t\t<\/div>\n\t\t\t\t<\/div>\n\t\t\t\t<\/div>\n\t\t\t\t<\/div>\n\t\t<\/div><\/div><\/div>\t\t\t\t<\/div>\n\t\t\t\t<\/div>\n\t\t\t\t<\/div>\n\t\t\t\t\t<\/div>\n\t\t\t\t<\/div>\n\t\t\t\t<\/div>\n\t\t","protected":false},"excerpt":{"rendered":"","protected":false},"author":2,"featured_media":0,"parent":0,"menu_order":0,"comment_status":"closed","ping_status":"closed","template":"","meta":{"footnotes":""},"categories":[],"class_list":["post-36018","page","type-page","status-publish","hentry"],"yoast_head":"<!-- This site is optimized with the Yoast SEO plugin v27.4 - https:\/\/yoast.com\/product\/yoast-seo-wordpress\/ -->\n<title>Online-Katalog - Knowla<\/title>\n<meta name=\"robots\" content=\"index, follow, max-snippet:-1, max-image-preview:large, max-video-preview:-1\" \/>\n<link rel=\"canonical\" href=\"https:\/\/knowla.eu\/de\/online-katalog\/\" \/>\n<meta property=\"og:locale\" content=\"de_DE\" \/>\n<meta property=\"og:type\" content=\"article\" \/>\n<meta property=\"og:title\" content=\"Online-Katalog - Knowla\" \/>\n<meta property=\"og:url\" content=\"https:\/\/knowla.eu\/de\/online-katalog\/\" \/>\n<meta property=\"og:site_name\" content=\"Knowla\" \/>\n<meta property=\"article:publisher\" content=\"https:\/\/www.facebook.com\/knowlaeu\" \/>\n<meta property=\"article:modified_time\" content=\"2026-04-21T10:33:26+00:00\" \/>\n<meta name=\"twitter:card\" content=\"summary_large_image\" \/>\n<script type=\"application\/ld+json\" class=\"yoast-schema-graph\">{\"@context\":\"https:\\\/\\\/schema.org\",\"@graph\":[{\"@type\":\"WebPage\",\"@id\":\"https:\\\/\\\/knowla.eu\\\/de\\\/online-katalog\\\/\",\"url\":\"https:\\\/\\\/knowla.eu\\\/de\\\/online-katalog\\\/\",\"name\":\"Online-Katalog - Knowla\",\"isPartOf\":{\"@id\":\"https:\\\/\\\/knowla.eu\\\/sk\\\/#website\"},\"datePublished\":\"2026-04-16T12:36:40+00:00\",\"dateModified\":\"2026-04-21T10:33:26+00:00\",\"breadcrumb\":{\"@id\":\"https:\\\/\\\/knowla.eu\\\/de\\\/online-katalog\\\/#breadcrumb\"},\"inLanguage\":\"de\",\"potentialAction\":[{\"@type\":\"ReadAction\",\"target\":[\"https:\\\/\\\/knowla.eu\\\/de\\\/online-katalog\\\/\"]}]},{\"@type\":\"BreadcrumbList\",\"@id\":\"https:\\\/\\\/knowla.eu\\\/de\\\/online-katalog\\\/#breadcrumb\",\"itemListElement\":[{\"@type\":\"ListItem\",\"position\":1,\"name\":\"Strona g\u0142\u00f3wna\",\"item\":\"https:\\\/\\\/knowla.eu\\\/\"},{\"@type\":\"ListItem\",\"position\":2,\"name\":\"Online-Katalog\"}]},{\"@type\":\"WebSite\",\"@id\":\"https:\\\/\\\/knowla.eu\\\/sk\\\/#website\",\"url\":\"https:\\\/\\\/knowla.eu\\\/sk\\\/\",\"name\":\"Knowla\",\"description\":\"M\u0105drze jest si\u0119 bawi\u0107\",\"publisher\":{\"@id\":\"https:\\\/\\\/knowla.eu\\\/sk\\\/#organization\"},\"potentialAction\":[{\"@type\":\"SearchAction\",\"target\":{\"@type\":\"EntryPoint\",\"urlTemplate\":\"https:\\\/\\\/knowla.eu\\\/sk\\\/?s={search_term_string}\"},\"query-input\":{\"@type\":\"PropertyValueSpecification\",\"valueRequired\":true,\"valueName\":\"search_term_string\"}}],\"inLanguage\":\"de\"},{\"@type\":\"Organization\",\"@id\":\"https:\\\/\\\/knowla.eu\\\/sk\\\/#organization\",\"name\":\"Knowla\",\"url\":\"https:\\\/\\\/knowla.eu\\\/sk\\\/\",\"logo\":{\"@type\":\"ImageObject\",\"inLanguage\":\"de\",\"@id\":\"https:\\\/\\\/knowla.eu\\\/sk\\\/#\\\/schema\\\/logo\\\/image\\\/\",\"url\":\"https:\\\/\\\/knowla.eu\\\/wp-content\\\/uploads\\\/2023\\\/03\\\/favicon-knowla-eu.png\",\"contentUrl\":\"https:\\\/\\\/knowla.eu\\\/wp-content\\\/uploads\\\/2023\\\/03\\\/favicon-knowla-eu.png\",\"width\":512,\"height\":512,\"caption\":\"Knowla\"},\"image\":{\"@id\":\"https:\\\/\\\/knowla.eu\\\/sk\\\/#\\\/schema\\\/logo\\\/image\\\/\"},\"sameAs\":[\"https:\\\/\\\/www.facebook.com\\\/knowlaeu\",\"https:\\\/\\\/www.youtube.com\\\/channel\\\/UCn2L711qEsbTp7dwFvbe2-g\",\"https:\\\/\\\/www.instagram.com\\\/knowla_edukacyjna_rozrywka\\\/\"]}]}<\/script>\n<!-- \/ Yoast SEO plugin. -->","yoast_head_json":{"title":"Online-Katalog - Knowla","robots":{"index":"index","follow":"follow","max-snippet":"max-snippet:-1","max-image-preview":"max-image-preview:large","max-video-preview":"max-video-preview:-1"},"canonical":"https:\/\/knowla.eu\/de\/online-katalog\/","og_locale":"de_DE","og_type":"article","og_title":"Online-Katalog - Knowla","og_url":"https:\/\/knowla.eu\/de\/online-katalog\/","og_site_name":"Knowla","article_publisher":"https:\/\/www.facebook.com\/knowlaeu","article_modified_time":"2026-04-21T10:33:26+00:00","twitter_card":"summary_large_image","schema":{"@context":"https:\/\/schema.org","@graph":[{"@type":"WebPage","@id":"https:\/\/knowla.eu\/de\/online-katalog\/","url":"https:\/\/knowla.eu\/de\/online-katalog\/","name":"Online-Katalog - Knowla","isPartOf":{"@id":"https:\/\/knowla.eu\/sk\/#website"},"datePublished":"2026-04-16T12:36:40+00:00","dateModified":"2026-04-21T10:33:26+00:00","breadcrumb":{"@id":"https:\/\/knowla.eu\/de\/online-katalog\/#breadcrumb"},"inLanguage":"de","potentialAction":[{"@type":"ReadAction","target":["https:\/\/knowla.eu\/de\/online-katalog\/"]}]},{"@type":"BreadcrumbList","@id":"https:\/\/knowla.eu\/de\/online-katalog\/#breadcrumb","itemListElement":[{"@type":"ListItem","position":1,"name":"Strona g\u0142\u00f3wna","item":"https:\/\/knowla.eu\/"},{"@type":"ListItem","position":2,"name":"Online-Katalog"}]},{"@type":"WebSite","@id":"https:\/\/knowla.eu\/sk\/#website","url":"https:\/\/knowla.eu\/sk\/","name":"Knowla","description":"M\u0105drze jest si\u0119 bawi\u0107","publisher":{"@id":"https:\/\/knowla.eu\/sk\/#organization"},"potentialAction":[{"@type":"SearchAction","target":{"@type":"EntryPoint","urlTemplate":"https:\/\/knowla.eu\/sk\/?s={search_term_string}"},"query-input":{"@type":"PropertyValueSpecification","valueRequired":true,"valueName":"search_term_string"}}],"inLanguage":"de"},{"@type":"Organization","@id":"https:\/\/knowla.eu\/sk\/#organization","name":"Knowla","url":"https:\/\/knowla.eu\/sk\/","logo":{"@type":"ImageObject","inLanguage":"de","@id":"https:\/\/knowla.eu\/sk\/#\/schema\/logo\/image\/","url":"https:\/\/knowla.eu\/wp-content\/uploads\/2023\/03\/favicon-knowla-eu.png","contentUrl":"https:\/\/knowla.eu\/wp-content\/uploads\/2023\/03\/favicon-knowla-eu.png","width":512,"height":512,"caption":"Knowla"},"image":{"@id":"https:\/\/knowla.eu\/sk\/#\/schema\/logo\/image\/"},"sameAs":["https:\/\/www.facebook.com\/knowlaeu","https:\/\/www.youtube.com\/channel\/UCn2L711qEsbTp7dwFvbe2-g","https:\/\/www.instagram.com\/knowla_edukacyjna_rozrywka\/"]}]}},"_links":{"self":[{"href":"https:\/\/knowla.eu\/de\/wp-json\/wp\/v2\/pages\/36018","targetHints":{"allow":["GET"]}}],"collection":[{"href":"https:\/\/knowla.eu\/de\/wp-json\/wp\/v2\/pages"}],"about":[{"href":"https:\/\/knowla.eu\/de\/wp-json\/wp\/v2\/types\/page"}],"author":[{"embeddable":true,"href":"https:\/\/knowla.eu\/de\/wp-json\/wp\/v2\/users\/2"}],"replies":[{"embeddable":true,"href":"https:\/\/knowla.eu\/de\/wp-json\/wp\/v2\/comments?post=36018"}],"version-history":[{"count":2,"href":"https:\/\/knowla.eu\/de\/wp-json\/wp\/v2\/pages\/36018\/revisions"}],"predecessor-version":[{"id":36020,"href":"https:\/\/knowla.eu\/de\/wp-json\/wp\/v2\/pages\/36018\/revisions\/36020"}],"wp:attachment":[{"href":"https:\/\/knowla.eu\/de\/wp-json\/wp\/v2\/media?parent=36018"}],"wp:term":[{"taxonomy":"category","embeddable":true,"href":"https:\/\/knowla.eu\/de\/wp-json\/wp\/v2\/categories?post=36018"}],"curies":[{"name":"wp","href":"https:\/\/api.w.org\/{rel}","templated":true}]}}